{"id":634,"date":"2015-07-15T19:09:43","date_gmt":"2015-07-15T17:09:43","guid":{"rendered":"http:\/\/www.treppen-martens-linke.de\/?page_id=634"},"modified":"2017-08-21T10:05:03","modified_gmt":"2017-08-21T10:05:03","slug":"planeamento","status":"publish","type":"page","link":"https:\/\/escada-algarve.com\/pt\/planeamento\/","title":{"rendered":"Planeamento"},"content":{"rendered":"<p><\/p>\n<h1>Precisa de uma escada?<\/h1>\n<p><strong>Qual o tipo de escada que se adequa \u00e0s suas necessidades?<\/strong><\/p>\n<p>Para qualquer quest\u00e3o n\u00e3o hesite em contatar-nos ou venha visitar-nos.<\/p>\n<p>Contatos:<\/p>\n<p>00351\/960199802<\/p>\n<p>0049\/01717748946<\/p>\n<p><img loading=\"lazy\" decoding=\"async\" class=\"  wp-image-783 aligncenter\" src=\"http:\/\/escada-algarve.com\/wp-content\/uploads\/2015\/07\/Escadalgarve-logo-kleiner.png\" alt=\"Escadalgarve logo - kleiner\" width=\"137\" height=\"171\" \/><\/p>\n<p>ou envie-nos um Email.<\/p>","protected":false},"excerpt":{"rendered":"<p>Precisa de uma escada? Qual o tipo de escada que se adequa \u00e0s suas necessidades? Para qualquer quest\u00e3o n\u00e3o hesite em contatar-nos ou venha visitar-nos. Contatos: 00351\/960199802 0049\/01717748946 ou envie-nos um Email.<\/p>\n","protected":false},"author":1,"featured_media":0,"parent":0,"menu_order":0,"comment_status":"closed","ping_status":"closed","template":"","meta":{"ngg_post_thumbnail":0,"footnotes":""},"class_list":["post-634","page","type-page","status-publish","hentry"],"_links":{"self":[{"href":"https:\/\/escada-algarve.com\/pt\/wp-json\/wp\/v2\/pages\/634"}],"collection":[{"href":"https:\/\/escada-algarve.com\/pt\/wp-json\/wp\/v2\/pages"}],"about":[{"href":"https:\/\/escada-algarve.com\/pt\/wp-json\/wp\/v2\/types\/page"}],"author":[{"embeddable":true,"href":"https:\/\/escada-algarve.com\/pt\/wp-json\/wp\/v2\/users\/1"}],"replies":[{"embeddable":true,"href":"https:\/\/escada-algarve.com\/pt\/wp-json\/wp\/v2\/comments?post=634"}],"version-history":[{"count":16,"href":"https:\/\/escada-algarve.com\/pt\/wp-json\/wp\/v2\/pages\/634\/revisions"}],"predecessor-version":[{"id":1156,"href":"https:\/\/escada-algarve.com\/pt\/wp-json\/wp\/v2\/pages\/634\/revisions\/1156"}],"wp:attachment":[{"href":"https:\/\/escada-algarve.com\/pt\/wp-json\/wp\/v2\/media?parent=634"}],"curies":[{"name":"wp","href":"https:\/\/api.w.org\/{rel}","templated":true}]}}