{"id":470,"date":"2014-09-18T10:36:48","date_gmt":"2014-09-18T08:36:48","guid":{"rendered":"http:\/\/www.treppen-martens-linke.de\/?page_id=470"},"modified":"2016-02-10T15:54:43","modified_gmt":"2016-02-10T15:54:43","slug":"espacointegradoescada","status":"publish","type":"page","link":"https:\/\/escada-algarve.com\/pt\/treppen-gelaender\/espacointegradoescada\/","title":{"rendered":"Escadas com espa\u00e7os integrados: roupeiros &#038; arrecada\u00e7\u00f5es"},"content":{"rendered":"<p>Se a sua casa ou moradia \u00e9 pequena e acha que as escadas lhe iriam tirar muito espa\u00e7o, temos a solu\u00e7\u00e3o ideal: <strong>escadas com espa\u00e7os integrados<\/strong>.<\/p>\n<p>Alguns exemplos de roupeiros que constru\u00edmos:<br \/>\nngg_shortcode_1_placeholder<\/p>","protected":false},"excerpt":{"rendered":"<p>Se a sua casa ou moradia \u00e9 pequena e acha que as escadas lhe iriam tirar muito espa\u00e7o, temos a solu\u00e7\u00e3o ideal: escadas com espa\u00e7os integrados. Alguns exemplos de roupeiros que constru\u00edmos:<\/p>\n","protected":false},"author":1,"featured_media":0,"parent":78,"menu_order":10,"comment_status":"closed","ping_status":"open","template":"","meta":{"ngg_post_thumbnail":0,"footnotes":""},"class_list":["post-470","page","type-page","status-publish","hentry"],"_links":{"self":[{"href":"https:\/\/escada-algarve.com\/pt\/wp-json\/wp\/v2\/pages\/470"}],"collection":[{"href":"https:\/\/escada-algarve.com\/pt\/wp-json\/wp\/v2\/pages"}],"about":[{"href":"https:\/\/escada-algarve.com\/pt\/wp-json\/wp\/v2\/types\/page"}],"author":[{"embeddable":true,"href":"https:\/\/escada-algarve.com\/pt\/wp-json\/wp\/v2\/users\/1"}],"replies":[{"embeddable":true,"href":"https:\/\/escada-algarve.com\/pt\/wp-json\/wp\/v2\/comments?post=470"}],"version-history":[{"count":5,"href":"https:\/\/escada-algarve.com\/pt\/wp-json\/wp\/v2\/pages\/470\/revisions"}],"predecessor-version":[{"id":1132,"href":"https:\/\/escada-algarve.com\/pt\/wp-json\/wp\/v2\/pages\/470\/revisions\/1132"}],"up":[{"embeddable":true,"href":"https:\/\/escada-algarve.com\/pt\/wp-json\/wp\/v2\/pages\/78"}],"wp:attachment":[{"href":"https:\/\/escada-algarve.com\/pt\/wp-json\/wp\/v2\/media?parent=470"}],"curies":[{"name":"wp","href":"https:\/\/api.w.org\/{rel}","templated":true}]}}