{"id":209,"date":"2014-06-01T15:12:51","date_gmt":"2014-06-01T13:12:51","guid":{"rendered":"http:\/\/www.treppen-martens-linke.de\/?page_id=209"},"modified":"2016-02-10T15:39:23","modified_gmt":"2016-02-10T15:39:23","slug":"gelaender","status":"publish","type":"page","link":"https:\/\/escada-algarve.com\/pt\/treppen-gelaender\/gelaender\/","title":{"rendered":"Corrim\u00f5es\/Balaustradas"},"content":{"rendered":"<p>Constru\u00edmos todo o tipo de<strong> balaustradas<\/strong> e <strong>corrim\u00f5es<\/strong> em <strong>vidro<\/strong>, <strong>a\u00e7o<\/strong> <strong>Inox<\/strong> e <strong>madeira<\/strong>:<br \/>\nngg_shortcode_1_placeholder<\/p>","protected":false},"excerpt":{"rendered":"<p>Constru\u00edmos todo o tipo de balaustradas e corrim\u00f5es em vidro, a\u00e7o Inox e madeira:<\/p>\n","protected":false},"author":1,"featured_media":0,"parent":78,"menu_order":3,"comment_status":"closed","ping_status":"closed","template":"","meta":{"ngg_post_thumbnail":0,"footnotes":""},"class_list":["post-209","page","type-page","status-publish","hentry"],"_links":{"self":[{"href":"https:\/\/escada-algarve.com\/pt\/wp-json\/wp\/v2\/pages\/209"}],"collection":[{"href":"https:\/\/escada-algarve.com\/pt\/wp-json\/wp\/v2\/pages"}],"about":[{"href":"https:\/\/escada-algarve.com\/pt\/wp-json\/wp\/v2\/types\/page"}],"author":[{"embeddable":true,"href":"https:\/\/escada-algarve.com\/pt\/wp-json\/wp\/v2\/users\/1"}],"replies":[{"embeddable":true,"href":"https:\/\/escada-algarve.com\/pt\/wp-json\/wp\/v2\/comments?post=209"}],"version-history":[{"count":5,"href":"https:\/\/escada-algarve.com\/pt\/wp-json\/wp\/v2\/pages\/209\/revisions"}],"predecessor-version":[{"id":1127,"href":"https:\/\/escada-algarve.com\/pt\/wp-json\/wp\/v2\/pages\/209\/revisions\/1127"}],"up":[{"embeddable":true,"href":"https:\/\/escada-algarve.com\/pt\/wp-json\/wp\/v2\/pages\/78"}],"wp:attachment":[{"href":"https:\/\/escada-algarve.com\/pt\/wp-json\/wp\/v2\/media?parent=209"}],"curies":[{"name":"wp","href":"https:\/\/api.w.org\/{rel}","templated":true}]}}