{"id":2,"date":"2015-07-08T15:17:57","date_gmt":"2015-07-08T13:17:57","guid":{"rendered":"\/?page_id=2"},"modified":"2017-08-21T10:03:22","modified_gmt":"2017-08-21T10:03:22","slug":"willkommen","status":"publish","type":"page","link":"https:\/\/escada-algarve.com\/pt\/","title":{"rendered":"Bem Vindo"},"content":{"rendered":"<p><\/p>\n<h1>Ao seu construtor de escadas do Algarve!<br \/>\na Escadalgarve.<\/h1>\n<h2>\u2026 para escadas pr\u00e1ticas de madeira, a\u00e7o, vidro ou pedra<\/h2>\n<p>&#8230;desde o planeamento,\u00a0 constru\u00e7\u00e3o,\u00a0 montagem, renova\u00e7\u00e3o, ou repara\u00e7\u00e3o das suas escadas, corrim\u00f5es e balaustradas no sul do pa\u00eds, desde\u00a0Portim\u00e3o, Lagos, Sagres, Faro e Albufeira.<\/p>\n<p>&#8230;e em todas as escadas que alguma vez constru\u00edmos e construiremos, foram e ser\u00e3o criadas, constru\u00eddas, renovadas, montadas,\u00a0 e aperfei\u00e7oadas por n\u00f3s .<\/p>\n<p>Ser\u00e1 acompanhado profissionalmente desde o aconselhamento, planeamento at\u00e9 \u00e0 montagem final.<\/p>\n<p><strong>Devido \u00e0 longa experi\u00eancia de 30 anos adquirida na Alemanha, trabalhamos com elevados standarts de seguran\u00e7a e qualidade.<\/strong><\/p>\n<h4 style=\"text-align: left;\">CONSTRU\u00c7\u00c3O DE ESCADAS INDIVIDUAIS \u00c0 SUA MEDIDA<\/h4>\n<p>Uma escada pode-se adaptar em forma, tamanho e design de modo ideal \u00e0 sua vivenda, casa, pr\u00e9dio, loja, ou escrit\u00f3rio.<\/p>\n<p>Elaboramos os nossos produtos combinando diversos materiais: <strong>Pedra natural\/artificial, a\u00e7o Inox, Madeira e vidro<\/strong> &#8211; de modo a enquadrar harmoniosamente a sua escada \/balaustrada\/corrim\u00e3o no seu lar.<\/p>\n<p>Todas as balaustradas e corrim\u00f5es ser\u00e3o adaptados individualmente ao design das suas escadas e do espa\u00e7o em redor.<br \/>\nInforma\u00e7\u00f5es e fotografias detalhadas sobre os nossos produtos encontra no menu principal &#8220;Escadas e Corrim\u00f5es&#8221;.<\/p>\n<p>N\u00e3o montamos escadas de outros fabricantes.<\/p>\n<p>Escadalgarve_os seus t\u00e9cnicos de confian\u00e7a.<\/p>\n<p>Para qualquer quest\u00e3o n\u00e3o hesite em nos contatar\/visitar.<\/p>\n<p>Contatos:<\/p>\n<p style=\"text-align: left;\">+351 960199802<\/p>\n<p style=\"text-align: left;\">DE: 0049\/01717748946<\/p>\n<p style=\"text-align: left;\">ou envie-nos um E-Mail .<\/p>\n<p style=\"text-align: left;\">\u00a0 \u00a0\u00a0 <a href=\"http:\/\/escada-algarve.com\/kontakt\"><img loading=\"lazy\" decoding=\"async\" class=\" wp-image-783 size-full aligncenter\" src=\"http:\/\/escada-algarve.com\/wp-content\/uploads\/2015\/07\/Escadalgarve-logo-kleiner.png\" alt=\"Escadalgarve logo - kleiner\" width=\"80\" height=\"100\" \/><\/a><\/p>\n<p><\/p>","protected":false},"excerpt":{"rendered":"<p>Ao seu construtor de escadas do Algarve! a Escadalgarve. \u2026 para escadas pr\u00e1ticas de madeira, a\u00e7o, vidro ou pedra &#8230;desde o planeamento,\u00a0 constru\u00e7\u00e3o,\u00a0 montagem, renova\u00e7\u00e3o, ou repara\u00e7\u00e3o das suas escadas, corrim\u00f5es e balaustradas no sul do pa\u00eds, desde\u00a0Portim\u00e3o, Lagos, Sagres, Faro e Albufeira. &#8230;e em todas as escadas que alguma vez constru\u00edmos e construiremos, foram &hellip; <a href=\"https:\/\/escada-algarve.com\/pt\/\" class=\"more-link\">Continuar a ler<span class=\"screen-reader-text\">Bem Vindo<\/span> <span class=\"meta-nav\">&rarr;<\/span><\/a><\/p>\n","protected":false},"author":1,"featured_media":0,"parent":0,"menu_order":0,"comment_status":"closed","ping_status":"closed","template":"","meta":{"ngg_post_thumbnail":0,"footnotes":""},"class_list":["post-2","page","type-page","status-publish","hentry"],"_links":{"self":[{"href":"https:\/\/escada-algarve.com\/pt\/wp-json\/wp\/v2\/pages\/2"}],"collection":[{"href":"https:\/\/escada-algarve.com\/pt\/wp-json\/wp\/v2\/pages"}],"about":[{"href":"https:\/\/escada-algarve.com\/pt\/wp-json\/wp\/v2\/types\/page"}],"author":[{"embeddable":true,"href":"https:\/\/escada-algarve.com\/pt\/wp-json\/wp\/v2\/users\/1"}],"replies":[{"embeddable":true,"href":"https:\/\/escada-algarve.com\/pt\/wp-json\/wp\/v2\/comments?post=2"}],"version-history":[{"count":37,"href":"https:\/\/escada-algarve.com\/pt\/wp-json\/wp\/v2\/pages\/2\/revisions"}],"predecessor-version":[{"id":1155,"href":"https:\/\/escada-algarve.com\/pt\/wp-json\/wp\/v2\/pages\/2\/revisions\/1155"}],"wp:attachment":[{"href":"https:\/\/escada-algarve.com\/pt\/wp-json\/wp\/v2\/media?parent=2"}],"curies":[{"name":"wp","href":"https:\/\/api.w.org\/{rel}","templated":true}]}}