{"id":177,"date":"2014-05-07T13:14:24","date_gmt":"2014-05-07T11:14:24","guid":{"rendered":"http:\/\/www.treppen-martens-linke.de\/?page_id=177"},"modified":"2016-02-10T16:05:11","modified_gmt":"2016-02-10T16:05:11","slug":"politicadeprivacidade","status":"publish","type":"page","link":"https:\/\/escada-algarve.com\/pt\/politicadeprivacidade\/","title":{"rendered":"Pol\u00edtica de Privacidade"},"content":{"rendered":"<p><strong>Pol\u00edtica de privacidade<\/strong><\/p>\n<p>O uso de nosso site \u00e9 normalmente poss\u00edvel sem fornecer informa\u00e7\u00f5es pessoais. A recolha de quaisquer dados pessoais (por exemplo, nome, endere\u00e7o ou endere\u00e7o de email) \u00e9 recolhido, este \u00e9, tanto quanto poss\u00edvel, numa base volunt\u00e1ria. Esses dados n\u00e3o s\u00e3o expostos a terceiros sem o seu consentimento.\u00a0Ressalta-se que a transmiss\u00e3o de dados atrav\u00e9s da Internet (por exemplo, ao se comunicar via e-mail) pode ter falhas de seguran\u00e7a.<\/p>\n<p>A prote\u00e7\u00e3o completa dos dados contra acesso n\u00e3o autorizado por terceiros \u00e9 imposs\u00edvel.\u00a0O uso de publicado por terceiros para o envio de publicidade n\u00e3o solicitada e materiais informativos fica expressamente proibida.<\/p>\n<p>&nbsp;<\/p>\n<p><strong>Os cookies no Google Analytics<\/strong><\/p>\n<p>O Google Analytics utiliza principalmente cookies originais para gerar relat\u00f3rios das intera\u00e7\u00f5es dos utilizadores em Websites de clientes do Google Analytics. Estes cookies s\u00e3o utilizados para armazenar informa\u00e7\u00f5es sem identifica\u00e7\u00e3o pessoal. Os navegadores n\u00e3o partilham cookies originais entre dom\u00ednios.<\/p>\n<p>Para os clientes que utilizam as funcionalidades de publicidade do Google Analytics, os cookies de publicidade da Google s\u00e3o utilizados para ativar funcionalidades, como o Remarketing, para produtos como o AdWords na Rede de Display da Google. Para mais informa\u00e7\u00f5es acerca de como a Google utiliza cookies de publicidade, visite as <a href=\"http:\/\/www.google.com\/intl\/pt-PT\/policies\/technologies\/ads\/\">Perguntas frequentes de privacidade de publicidade da Google<\/a>. Para gerir defini\u00e7\u00f5es para estes cookies e optar por desativar estas funcionalidades, visite as <a href=\"http:\/\/www.google.com\/settings\/ads\/onweb\/\">Defini\u00e7\u00f5es de an\u00fancios<\/a>.<\/p>\n<p>Fontes: \u00a0<a href=\"https:\/\/support.google.com\/analytics\/answer\/6004245?hl=pt-PT\">https:\/\/support.google.com\/analytics\/answer\/6004245?hl=pt-PT<\/a>\u00a0 \u00a0 \/\/ \u00a0 \u00a0 \u00a0\u00a0<a href=\"https:\/\/www.google.com\/intl\/pt-PT\/policies\/privacy\/\">https:\/\/www.google.com\/intl\/pt-PT\/policies\/privacy\/<\/a><\/p>\n<p>&nbsp;<\/p>","protected":false},"excerpt":{"rendered":"<p>Pol\u00edtica de privacidade O uso de nosso site \u00e9 normalmente poss\u00edvel sem fornecer informa\u00e7\u00f5es pessoais. A recolha de quaisquer dados pessoais (por exemplo, nome, endere\u00e7o ou endere\u00e7o de email) \u00e9 recolhido, este \u00e9, tanto quanto poss\u00edvel, numa base volunt\u00e1ria. Esses dados n\u00e3o s\u00e3o expostos a terceiros sem o seu consentimento.\u00a0Ressalta-se que a transmiss\u00e3o de dados &hellip; <a href=\"https:\/\/escada-algarve.com\/pt\/politicadeprivacidade\/\" class=\"more-link\">Continuar a ler<span class=\"screen-reader-text\">Pol\u00edtica de Privacidade<\/span> <span class=\"meta-nav\">&rarr;<\/span><\/a><\/p>\n","protected":false},"author":1,"featured_media":0,"parent":0,"menu_order":4,"comment_status":"closed","ping_status":"open","template":"","meta":{"ngg_post_thumbnail":0,"footnotes":""},"class_list":["post-177","page","type-page","status-publish","hentry"],"_links":{"self":[{"href":"https:\/\/escada-algarve.com\/pt\/wp-json\/wp\/v2\/pages\/177"}],"collection":[{"href":"https:\/\/escada-algarve.com\/pt\/wp-json\/wp\/v2\/pages"}],"about":[{"href":"https:\/\/escada-algarve.com\/pt\/wp-json\/wp\/v2\/types\/page"}],"author":[{"embeddable":true,"href":"https:\/\/escada-algarve.com\/pt\/wp-json\/wp\/v2\/users\/1"}],"replies":[{"embeddable":true,"href":"https:\/\/escada-algarve.com\/pt\/wp-json\/wp\/v2\/comments?post=177"}],"version-history":[{"count":2,"href":"https:\/\/escada-algarve.com\/pt\/wp-json\/wp\/v2\/pages\/177\/revisions"}],"predecessor-version":[{"id":1134,"href":"https:\/\/escada-algarve.com\/pt\/wp-json\/wp\/v2\/pages\/177\/revisions\/1134"}],"wp:attachment":[{"href":"https:\/\/escada-algarve.com\/pt\/wp-json\/wp\/v2\/media?parent=177"}],"curies":[{"name":"wp","href":"https:\/\/api.w.org\/{rel}","templated":true}]}}